{"id":7,"date":"2022-07-29T12:42:14","date_gmt":"2022-07-29T12:42:14","guid":{"rendered":"https:\/\/pauloteodoro.pt\/?page_id=7"},"modified":"2022-07-29T17:33:48","modified_gmt":"2022-07-29T17:33:48","slug":"beautiful-portfolios-for-exceptional-creatives","status":"publish","type":"page","link":"https:\/\/pauloteodoro.pt\/","title":{"rendered":"Vila do Crato"},"content":{"rendered":"\n<p class=\"has-text-align-center\">A inspira\u00e7\u00e3o perfeita para as melhores cria\u00e7\u00f5es<\/p>\n\n\n\n<figure class=\"wp-block-image size-large is-style-default\"><img loading=\"lazy\" decoding=\"async\" width=\"1024\" height=\"768\" src=\"https:\/\/pauloteodoro.pt\/wp-content\/uploads\/2022\/07\/IMG_20220425_184411-1024x768.jpg\" alt=\"\" class=\"wp-image-55\" srcset=\"https:\/\/pauloteodoro.pt\/wp-content\/uploads\/2022\/07\/IMG_20220425_184411-1024x768.jpg 1024w, https:\/\/pauloteodoro.pt\/wp-content\/uploads\/2022\/07\/IMG_20220425_184411-300x225.jpg 300w, https:\/\/pauloteodoro.pt\/wp-content\/uploads\/2022\/07\/IMG_20220425_184411-768x576.jpg 768w, https:\/\/pauloteodoro.pt\/wp-content\/uploads\/2022\/07\/IMG_20220425_184411.jpg 1040w\" sizes=\"auto, (max-width: 1024px) 100vw, 1024px\" \/><\/figure>\n\n\n\n<div class=\"wp-block-group alignfull\"><div class=\"wp-block-group__inner-container is-layout-flow wp-block-group-is-layout-flow\">\n<div class=\"wp-block-columns alignwide is-layout-flex wp-container-core-columns-is-layout-9d6595d7 wp-block-columns-is-layout-flex\">\n<div class=\"wp-block-column is-vertically-aligned-bottom is-layout-flow wp-block-column-is-layout-flow\">\n<div class=\"wp-block-buttons alignwide is-content-justification-center is-layout-flex wp-container-core-buttons-is-layout-16018d1d wp-block-buttons-is-layout-flex\"><\/div>\n<\/div>\n\n\n\n<div class=\"wp-block-column is-layout-flow wp-block-column-is-layout-flow\">\n<figure class=\"wp-block-image size-large\"><img loading=\"lazy\" decoding=\"async\" width=\"683\" height=\"1024\" src=\"https:\/\/pauloteodoro.pt\/wp-content\/uploads\/2022\/07\/IMG_9434-683x1024.jpg\" alt=\"\" class=\"wp-image-65\" srcset=\"https:\/\/pauloteodoro.pt\/wp-content\/uploads\/2022\/07\/IMG_9434-683x1024.jpg 683w, https:\/\/pauloteodoro.pt\/wp-content\/uploads\/2022\/07\/IMG_9434-200x300.jpg 200w, https:\/\/pauloteodoro.pt\/wp-content\/uploads\/2022\/07\/IMG_9434-768x1152.jpg 768w, https:\/\/pauloteodoro.pt\/wp-content\/uploads\/2022\/07\/IMG_9434.jpg 864w\" sizes=\"auto, (max-width: 683px) 100vw, 683px\" \/><\/figure>\n<\/div>\n<\/div>\n<\/div><\/div>\n\n\n\n<div class=\"wp-block-group alignfull has-black-background-color has-background\"><div class=\"wp-block-group__inner-container is-layout-flow wp-block-group-is-layout-flow\">\n<h2 class=\"has-text-align-center has-white-color has-text-color wp-block-heading\"><strong>Galeria<\/strong><\/h2>\n\n\n\n<figure class=\"wp-block-gallery aligncenter has-nested-images columns-default is-cropped wp-block-gallery-1 is-layout-flex wp-block-gallery-is-layout-flex\">\n<figure class=\"wp-block-image size-full\"><img loading=\"lazy\" decoding=\"async\" width=\"105\" height=\"101\" data-id=\"24\" src=\"https:\/\/pauloteodoro.pt\/wp-content\/uploads\/2022\/07\/Logo_Branco.jpg\" alt=\"\" class=\"wp-image-24\"\/><\/figure>\n\n\n\n<figure class=\"wp-block-image size-large\"><img loading=\"lazy\" decoding=\"async\" width=\"1024\" height=\"356\" data-id=\"67\" src=\"https:\/\/pauloteodoro.pt\/wp-content\/uploads\/2022\/07\/ComposicaoHigh-1024x356.jpg\" alt=\"\" class=\"wp-image-67\" srcset=\"https:\/\/pauloteodoro.pt\/wp-content\/uploads\/2022\/07\/ComposicaoHigh-1024x356.jpg 1024w, https:\/\/pauloteodoro.pt\/wp-content\/uploads\/2022\/07\/ComposicaoHigh-300x104.jpg 300w, https:\/\/pauloteodoro.pt\/wp-content\/uploads\/2022\/07\/ComposicaoHigh-768x267.jpg 768w, https:\/\/pauloteodoro.pt\/wp-content\/uploads\/2022\/07\/ComposicaoHigh.jpg 1198w\" sizes=\"auto, (max-width: 1024px) 100vw, 1024px\" \/><\/figure>\n\n\n\n<figure class=\"wp-block-image size-large\"><img loading=\"lazy\" decoding=\"async\" width=\"1024\" height=\"680\" data-id=\"68\" src=\"https:\/\/pauloteodoro.pt\/wp-content\/uploads\/2022\/07\/EuRibeiradeSeda-copy-1024x680.jpg\" alt=\"\" class=\"wp-image-68\" srcset=\"https:\/\/pauloteodoro.pt\/wp-content\/uploads\/2022\/07\/EuRibeiradeSeda-copy-1024x680.jpg 1024w, https:\/\/pauloteodoro.pt\/wp-content\/uploads\/2022\/07\/EuRibeiradeSeda-copy-300x199.jpg 300w, https:\/\/pauloteodoro.pt\/wp-content\/uploads\/2022\/07\/EuRibeiradeSeda-copy-768x510.jpg 768w, https:\/\/pauloteodoro.pt\/wp-content\/uploads\/2022\/07\/EuRibeiradeSeda-copy.jpg 1100w\" sizes=\"auto, (max-width: 1024px) 100vw, 1024px\" \/><\/figure>\n\n\n\n<figure class=\"wp-block-image size-full\"><img loading=\"lazy\" decoding=\"async\" width=\"483\" height=\"550\" data-id=\"69\" src=\"https:\/\/pauloteodoro.pt\/wp-content\/uploads\/2022\/07\/Goblin_2.jpg\" alt=\"\" class=\"wp-image-69\" srcset=\"https:\/\/pauloteodoro.pt\/wp-content\/uploads\/2022\/07\/Goblin_2.jpg 483w, https:\/\/pauloteodoro.pt\/wp-content\/uploads\/2022\/07\/Goblin_2-263x300.jpg 263w\" sizes=\"auto, (max-width: 483px) 100vw, 483px\" \/><\/figure>\n\n\n\n<figure class=\"wp-block-image size-full\"><img loading=\"lazy\" decoding=\"async\" width=\"134\" height=\"242\" data-id=\"71\" src=\"https:\/\/pauloteodoro.pt\/wp-content\/uploads\/2022\/07\/IMG_2026-edited.jpg\" alt=\"\" class=\"wp-image-71\"\/><\/figure>\n\n\n\n<figure class=\"wp-block-image size-large\"><img loading=\"lazy\" decoding=\"async\" width=\"1024\" height=\"680\" data-id=\"72\" src=\"https:\/\/pauloteodoro.pt\/wp-content\/uploads\/2022\/07\/MeEscultura-1024x680.jpg\" alt=\"\" class=\"wp-image-72\" srcset=\"https:\/\/pauloteodoro.pt\/wp-content\/uploads\/2022\/07\/MeEscultura-1024x680.jpg 1024w, https:\/\/pauloteodoro.pt\/wp-content\/uploads\/2022\/07\/MeEscultura-300x199.jpg 300w, https:\/\/pauloteodoro.pt\/wp-content\/uploads\/2022\/07\/MeEscultura-768x510.jpg 768w, https:\/\/pauloteodoro.pt\/wp-content\/uploads\/2022\/07\/MeEscultura.jpg 1100w\" sizes=\"auto, (max-width: 1024px) 100vw, 1024px\" \/><\/figure>\n<\/figure>\n<\/div><\/div>\n\n\n\n<div class=\"wp-block-cover alignfull is-light has-parallax is-position-center-center\" style=\"background-image:url(https:\/\/pauloteodoro.pt\/wp-content\/uploads\/2022\/07\/017.jpg);min-height:375px;aspect-ratio:unset;\"><span aria-hidden=\"true\" class=\"wp-block-cover__background has-black-background-color has-background-dim-40 has-background-dim\"><\/span><div class=\"wp-block-cover__inner-container is-layout-flow wp-block-cover-is-layout-flow\">\n<p class=\"has-text-align-center has-text-color has-huge-font-size\" style=\"color:#fffffa;line-height:1.1\">&#8220;Eu tenho natureza, arte e poesia. <\/p>\n\n\n\n<p class=\"has-text-align-center has-text-color has-huge-font-size\" style=\"color:#fffffa;line-height:1.1\">Se isso n\u00e3o for suficiente, o que \u00e9 suficiente?&#8221; <\/p>\n\n\n\n<p class=\"has-text-align-right has-white-color has-text-color has-medium-font-size\">Vicent Van Gogh<\/p>\n\n\n\n<p><\/p>\n\n\n\n<div style=\"height:39px\" aria-hidden=\"true\" class=\"wp-block-spacer\"><\/div>\n\n\n\n<div class=\"wp-block-buttons is-horizontal is-content-justification-center is-layout-flex wp-container-core-buttons-is-layout-499968f5 wp-block-buttons-is-layout-flex\"><\/div>\n<\/div><\/div>\n","protected":false},"excerpt":{"rendered":"<p>A inspira\u00e7\u00e3o perfeita para as melhores cria\u00e7\u00f5es Galeria<\/p>\n","protected":false},"author":1,"featured_media":33,"parent":0,"menu_order":0,"comment_status":"closed","ping_status":"closed","template":"","meta":{"footnotes":""},"class_list":["post-7","page","type-page","status-publish","has-post-thumbnail","hentry"],"_links":{"self":[{"href":"https:\/\/pauloteodoro.pt\/index.php?rest_route=\/wp\/v2\/pages\/7","targetHints":{"allow":["GET"]}}],"collection":[{"href":"https:\/\/pauloteodoro.pt\/index.php?rest_route=\/wp\/v2\/pages"}],"about":[{"href":"https:\/\/pauloteodoro.pt\/index.php?rest_route=\/wp\/v2\/types\/page"}],"author":[{"embeddable":true,"href":"https:\/\/pauloteodoro.pt\/index.php?rest_route=\/wp\/v2\/users\/1"}],"replies":[{"embeddable":true,"href":"https:\/\/pauloteodoro.pt\/index.php?rest_route=%2Fwp%2Fv2%2Fcomments&post=7"}],"version-history":[{"count":11,"href":"https:\/\/pauloteodoro.pt\/index.php?rest_route=\/wp\/v2\/pages\/7\/revisions"}],"predecessor-version":[{"id":78,"href":"https:\/\/pauloteodoro.pt\/index.php?rest_route=\/wp\/v2\/pages\/7\/revisions\/78"}],"wp:featuredmedia":[{"embeddable":true,"href":"https:\/\/pauloteodoro.pt\/index.php?rest_route=\/wp\/v2\/media\/33"}],"wp:attachment":[{"href":"https:\/\/pauloteodoro.pt\/index.php?rest_route=%2Fwp%2Fv2%2Fmedia&parent=7"}],"curies":[{"name":"wp","href":"https:\/\/api.w.org\/{rel}","templated":true}]}}