{"id":8,"date":"2022-07-29T12:42:14","date_gmt":"2022-07-29T12:42:14","guid":{"rendered":"https:\/\/pauloteodoro.pt\/?page_id=8"},"modified":"2024-05-05T12:42:33","modified_gmt":"2024-05-05T12:42:33","slug":"about","status":"publish","type":"page","link":"https:\/\/pauloteodoro.pt\/?page_id=8","title":{"rendered":"PT"},"content":{"rendered":"\n<p>Nasci na vila do Crato, distrito de Portalegre. H\u00e1 mais de quatro gera\u00e7\u00f5es que a minha fam\u00edlia vive&nbsp;e trabalha nesta terra, outrora sede da Ordem de Malta. <\/p>\n\n\n\n<p>Fruto de uma genu\u00edna admira\u00e7\u00e3o pela natureza que me rodeia, particularmente pelas \u00e1rvores, dedico-me a trabalhar a madeira.  Busco criar objetos \u00fanicos,&nbsp;real\u00e7ando&nbsp;a sua beleza pr\u00f3pria. &nbsp;Apraz-me moldar uma personalidade inerente sustentada&nbsp;pela origem e inspira\u00e7\u00e3o de cada pe\u00e7a, pelo seu estilo, forma e hist\u00f3ria.<\/p>\n\n\n\n<p>Encanta-me tamb\u00e9m o restauro de pe\u00e7as em madeira, restaurando a sua narrativa, numa nova identidade.\u00a0<\/p>\n\n\n\n<p>Cada pe\u00e7a produzida, cada trabalho executado, s\u00e3o \u00fanicos. Todos levam a minha assinatura, porque com todos eles me identifiquei.<\/p>\n\n\n\n<figure class=\"wp-block-image size-large\"><img loading=\"lazy\" decoding=\"async\" width=\"1024\" height=\"683\" src=\"https:\/\/pauloteodoro.pt\/wp-content\/uploads\/2022\/07\/IMG_5831-1024x683.jpg\" alt=\"\" class=\"wp-image-59\" srcset=\"https:\/\/pauloteodoro.pt\/wp-content\/uploads\/2022\/07\/IMG_5831-1024x683.jpg 1024w, https:\/\/pauloteodoro.pt\/wp-content\/uploads\/2022\/07\/IMG_5831-300x200.jpg 300w, https:\/\/pauloteodoro.pt\/wp-content\/uploads\/2022\/07\/IMG_5831-768x512.jpg 768w, https:\/\/pauloteodoro.pt\/wp-content\/uploads\/2022\/07\/IMG_5831.jpg 1296w\" sizes=\"auto, (max-width: 1024px) 100vw, 1024px\" \/><\/figure>\n\n\n\n<div class=\"wp-block-columns alignwide is-layout-flex wp-container-core-columns-is-layout-9d6595d7 wp-block-columns-is-layout-flex\">\n<div class=\"wp-block-column is-layout-flow wp-block-column-is-layout-flow\">\n<figure class=\"wp-block-image size-full\"><img loading=\"lazy\" decoding=\"async\" width=\"825\" height=\"550\" src=\"https:\/\/pauloteodoro.pt\/wp-content\/uploads\/2022\/07\/CoverFB.jpg\" alt=\"\" class=\"wp-image-58\" srcset=\"https:\/\/pauloteodoro.pt\/wp-content\/uploads\/2022\/07\/CoverFB.jpg 825w, https:\/\/pauloteodoro.pt\/wp-content\/uploads\/2022\/07\/CoverFB-300x200.jpg 300w, https:\/\/pauloteodoro.pt\/wp-content\/uploads\/2022\/07\/CoverFB-768x512.jpg 768w\" sizes=\"auto, (max-width: 825px) 100vw, 825px\" \/><\/figure>\n\n\n\n<p class=\"has-black-color has-text-color has-medium-font-size\">Esculturas<\/p>\n\n\n\n<p class=\"has-text-color\" style=\"color:#7a7a7a\">Nova identidade e forma real\u00e7ando a beleza natural de cada pe\u00e7a.  Maioritariamente esculpidas em madeira de Oliveira, \u00e1rvore abundante no Alentejo.<\/p>\n<\/div>\n\n\n\n<div class=\"wp-block-column is-layout-flow wp-block-column-is-layout-flow\">\n<figure class=\"wp-block-embed is-type-video is-provider-youtube wp-block-embed-youtube wp-embed-aspect-16-9 wp-has-aspect-ratio\"><div class=\"wp-block-embed__wrapper\">\n<iframe loading=\"lazy\" title=\"Restauro\" width=\"950\" height=\"534\" src=\"https:\/\/www.youtube.com\/embed\/3tlTURzh0Ig?feature=oembed\" frameborder=\"0\" allow=\"accelerometer; autoplay; clipboard-write; encrypted-media; gyroscope; picture-in-picture; web-share\" referrerpolicy=\"strict-origin-when-cross-origin\" allowfullscreen><\/iframe>\n<\/div><\/figure>\n\n\n\n<p class=\"has-black-color has-text-color has-medium-font-size\">Restauro<\/p>\n\n\n\n<p class=\"has-text-color\" style=\"color:#7a7a7a\">O desafio de bem recuperar uma pe\u00e7a devolvendo-lhe a sua nobreza ou criando-lhe uma nova identidade<\/p>\n<\/div>\n\n\n\n<div class=\"wp-block-column is-layout-flow wp-block-column-is-layout-flow\">\n<figure class=\"wp-block-image size-large\"><img loading=\"lazy\" decoding=\"async\" width=\"1024\" height=\"688\" src=\"https:\/\/pauloteodoro.pt\/wp-content\/uploads\/2022\/07\/Expositor-1024x688.jpg\" alt=\"\" class=\"wp-image-62\" srcset=\"https:\/\/pauloteodoro.pt\/wp-content\/uploads\/2022\/07\/Expositor-1024x688.jpg 1024w, https:\/\/pauloteodoro.pt\/wp-content\/uploads\/2022\/07\/Expositor-300x202.jpg 300w, https:\/\/pauloteodoro.pt\/wp-content\/uploads\/2022\/07\/Expositor-768x516.jpg 768w, https:\/\/pauloteodoro.pt\/wp-content\/uploads\/2022\/07\/Expositor-1536x1032.jpg 1536w, https:\/\/pauloteodoro.pt\/wp-content\/uploads\/2022\/07\/Expositor.jpg 1884w\" sizes=\"auto, (max-width: 1024px) 100vw, 1024px\" \/><\/figure>\n\n\n\n<p class=\"has-black-color has-text-color has-medium-font-size\">Outras cria\u00e7\u00f5es<\/p>\n\n\n\n<p class=\"has-text-color\" style=\"color:#7a7a7a\">Caixas em madeira, molduras e pendentes s\u00e3o, entre muitas outras pe\u00e7as, cria\u00e7\u00f5es exclusivas PT.<\/p>\n<\/div>\n<\/div>\n\n\n\n<h3 class=\"wp-block-heading has-large-font-size\" id=\"inspiro-is-a-digital-product-agency-that-focuses-on-strategy-and-desig\" style=\"font-weight:300\">Exposi\u00e7\u00f5es<\/h3>\n\n\n\n<figure class=\"wp-block-embed is-type-video is-provider-youtube wp-block-embed-youtube alignwide wp-embed-aspect-16-9 wp-has-aspect-ratio\"><div class=\"wp-block-embed__wrapper\">\n<iframe loading=\"lazy\" title=\"Viaj4rte + 1 Paulo Teodoro, Portalegre\" width=\"950\" height=\"534\" src=\"https:\/\/www.youtube.com\/embed\/bI0HidHIPUg?feature=oembed\" frameborder=\"0\" allow=\"accelerometer; autoplay; clipboard-write; encrypted-media; gyroscope; picture-in-picture; web-share\" referrerpolicy=\"strict-origin-when-cross-origin\" allowfullscreen><\/iframe>\n<\/div><figcaption class=\"wp-element-caption\">Museu da Tape\u00e7aria, Portalegre<\/figcaption><\/figure>\n\n\n\n<div style=\"height:100px\" aria-hidden=\"true\" class=\"wp-block-spacer\"><\/div>\n\n\n\n<figure class=\"wp-block-image size-large\"><img loading=\"lazy\" decoding=\"async\" width=\"703\" height=\"1024\" src=\"https:\/\/pauloteodoro.pt\/wp-content\/uploads\/2022\/07\/Poster8-copy-703x1024.jpg\" alt=\"\" class=\"wp-image-81\" srcset=\"https:\/\/pauloteodoro.pt\/wp-content\/uploads\/2022\/07\/Poster8-copy-703x1024.jpg 703w, https:\/\/pauloteodoro.pt\/wp-content\/uploads\/2022\/07\/Poster8-copy-206x300.jpg 206w, https:\/\/pauloteodoro.pt\/wp-content\/uploads\/2022\/07\/Poster8-copy-768x1119.jpg 768w, https:\/\/pauloteodoro.pt\/wp-content\/uploads\/2022\/07\/Poster8-copy.jpg 1034w\" sizes=\"auto, (max-width: 703px) 100vw, 703px\" \/><figcaption class=\"wp-element-caption\">Festival do Crato. Agosto  2015<\/figcaption><\/figure>\n\n\n\n<div class=\"wp-block-cover alignfull\" style=\"padding-top:50px;padding-right:50px;padding-bottom:50px;padding-left:50px;min-height:316px;aspect-ratio:unset;\"><span aria-hidden=\"true\" class=\"wp-block-cover__background has-black-background-color has-background-dim-100 has-background-dim\"><\/span><div class=\"wp-block-cover__inner-container is-layout-flow wp-block-cover-is-layout-flow\">\n<div class=\"wp-block-columns are-vertically-aligned-center is-layout-flex wp-container-core-columns-is-layout-9d6595d7 wp-block-columns-is-layout-flex\">\n<div class=\"wp-block-column is-vertically-aligned-center is-layout-flow wp-block-column-is-layout-flow\" style=\"padding-top:20px;padding-right:0px;padding-bottom:20px;padding-left:0px\">\n<div class=\"wp-block-group is-content-justification-space-between is-nowrap is-layout-flex wp-container-core-group-is-layout-7ef4459a wp-block-group-is-layout-flex\">\n<div class=\"wp-block-group\"><div class=\"wp-block-group__inner-container is-layout-flow wp-block-group-is-layout-flow\"><\/div><\/div>\n<\/div>\n<\/div>\n\n\n\n<div class=\"wp-block-column is-vertically-aligned-center is-layout-flow wp-block-column-is-layout-flow\" style=\"padding-top:20px;padding-right:0px;padding-bottom:20px;padding-left:0px\">\n<div class=\"wp-block-group is-content-justification-space-between is-nowrap is-layout-flex wp-container-core-group-is-layout-7ef4459a wp-block-group-is-layout-flex\">\n<figure class=\"wp-block-image size-full\"><img decoding=\"async\" src=\"https:\/\/pauloteodoro.pt\/wp-content\/themes\/inspiro\/assets\/images\/laurel_left.png\" alt=\"\"\/><\/figure>\n\n\n\n<div class=\"wp-block-group\"><div class=\"wp-block-group__inner-container is-layout-flow wp-block-group-is-layout-flow\"><\/div><\/div>\n\n\n\n<figure class=\"wp-block-image size-full\"><img decoding=\"async\" src=\"https:\/\/pauloteodoro.pt\/wp-content\/themes\/inspiro\/assets\/images\/laurel_right.png\" alt=\"\"\/><\/figure>\n<\/div>\n<\/div>\n\n\n\n<div class=\"wp-block-column is-vertically-aligned-center is-layout-flow wp-block-column-is-layout-flow\" style=\"padding-top:20px;padding-right:0px;padding-bottom:20px;padding-left:0px\">\n<div class=\"wp-block-group is-content-justification-space-between is-nowrap is-layout-flex wp-container-core-group-is-layout-7ef4459a wp-block-group-is-layout-flex\">\n<figure class=\"wp-block-image size-full\"><img decoding=\"async\" src=\"https:\/\/pauloteodoro.pt\/wp-content\/themes\/inspiro\/assets\/images\/laurel_left.png\" alt=\"\"\/><\/figure>\n\n\n\n<div class=\"wp-block-group\"><div class=\"wp-block-group__inner-container is-layout-flow wp-block-group-is-layout-flow\"><\/div><\/div>\n\n\n\n<figure class=\"wp-block-image size-full\"><img decoding=\"async\" src=\"https:\/\/pauloteodoro.pt\/wp-content\/themes\/inspiro\/assets\/images\/laurel_right.png\" alt=\"\"\/><\/figure>\n<\/div>\n<\/div>\n<\/div>\n<\/div><\/div>\n","protected":false},"excerpt":{"rendered":"<p>Nasci na vila do Crato, distrito de Portalegre. H\u00e1 mais de quatro gera\u00e7\u00f5es que a minha fam\u00edlia vive&nbsp;e trabalha nesta terra, outrora sede da Ordem de Malta. Fruto de uma genu\u00edna admira\u00e7\u00e3o pela natureza que me rodeia, particularmente pelas \u00e1rvores, dedico-me a trabalhar a madeira. Busco criar objetos \u00fanicos,&nbsp;real\u00e7ando&nbsp;a sua beleza pr\u00f3pria. &nbsp;Apraz-me moldar uma &hellip; <\/p>\n<p class=\"link-more\"><a href=\"https:\/\/pauloteodoro.pt\/?page_id=8\" class=\"more-link\">Read more<span class=\"screen-reader-text\"> &#8220;PT&#8221;<\/span><\/a><\/p>\n","protected":false},"author":1,"featured_media":53,"parent":0,"menu_order":0,"comment_status":"closed","ping_status":"closed","template":"","meta":{"footnotes":""},"class_list":["post-8","page","type-page","status-publish","has-post-thumbnail","hentry"],"_links":{"self":[{"href":"https:\/\/pauloteodoro.pt\/index.php?rest_route=\/wp\/v2\/pages\/8","targetHints":{"allow":["GET"]}}],"collection":[{"href":"https:\/\/pauloteodoro.pt\/index.php?rest_route=\/wp\/v2\/pages"}],"about":[{"href":"https:\/\/pauloteodoro.pt\/index.php?rest_route=\/wp\/v2\/types\/page"}],"author":[{"embeddable":true,"href":"https:\/\/pauloteodoro.pt\/index.php?rest_route=\/wp\/v2\/users\/1"}],"replies":[{"embeddable":true,"href":"https:\/\/pauloteodoro.pt\/index.php?rest_route=%2Fwp%2Fv2%2Fcomments&post=8"}],"version-history":[{"count":12,"href":"https:\/\/pauloteodoro.pt\/index.php?rest_route=\/wp\/v2\/pages\/8\/revisions"}],"predecessor-version":[{"id":88,"href":"https:\/\/pauloteodoro.pt\/index.php?rest_route=\/wp\/v2\/pages\/8\/revisions\/88"}],"wp:featuredmedia":[{"embeddable":true,"href":"https:\/\/pauloteodoro.pt\/index.php?rest_route=\/wp\/v2\/media\/53"}],"wp:attachment":[{"href":"https:\/\/pauloteodoro.pt\/index.php?rest_route=%2Fwp%2Fv2%2Fmedia&parent=8"}],"curies":[{"name":"wp","href":"https:\/\/api.w.org\/{rel}","templated":true}]}}